{"id":1986,"date":"2024-11-11T16:18:51","date_gmt":"2024-11-11T16:18:51","guid":{"rendered":"https:\/\/manueldehistorias.com\/?page_id=1986"},"modified":"2024-11-12T18:13:07","modified_gmt":"2024-11-12T18:13:07","slug":"acerca-de-nosotros-2","status":"publish","type":"page","link":"https:\/\/manueldehistorias.com\/index.php\/acerca-de-nosotros-2\/","title":{"rendered":"Acerca de nosotros"},"content":{"rendered":"<section>\n<h3>La historia tiene mucho que decirnos y nosotros te lo vamos a contar.<\/h3>\n<p>Recuerdos, historias, cuentos, sue\u00f1os, la vida se escribe mientras se cuenta, se cuenta escribiendo la vida, se vive mientras escribes lo que vas a contar. La vida no es m\u00e1s que la urdimbre donde tejes tus sue\u00f1os y dejas tus recuerdos en el tejido de la historia con la que nos arropamos. El lienzo que otros ver\u00e1n, que otros contar\u00e1n mientras sue\u00f1an sus propios cuentos.<\/p>\n<ul>\n<li>Las historias hablan a veces m\u00e1s de nosotros mismos que de los protagonistas que fueron.<\/li>\n<li>La verdadera historia se esconde debajo de capas de manipulaciones y medias verdades.<\/li>\n<\/ul>\n<h2>Un lugar donde poder encontrar toda la historia sin cuentos ni mitos<\/h2>\n<p><img decoding=\"async\" src=\"https:\/\/manueldehistorias.com\/wp-content\/uploads\/2024\/11\/Alegoria_de_la_historia-e1730909207679.jpeg\" alt=\"about\" \/><\/p>\n<\/section>\n<p><!-- .\/ about-section --><\/p>\n<section>Nuestros colaboradores<\/p>\n<h3>Muchos a\u00f1os de experiencia y mucha historia conocida.<\/h3>\n<p>Entre los sue\u00f1os de Calder\u00f3n y los cuentos con los que nos cr\u00edan, con los que vivimos y con los que nos entierran, la vida son historias de nuestros recuerdos, de nuestros cuentos y de nuestros sue\u00f1os. Cuanto uno hace en la vida, solo existe aquello que otros recuerdan de ti, como otros existen cuando tu los recuerdas.<\/p>\n<ul>\n<li>\n<h5>Sue\u00f1os<\/h5>\n<p>95%<\/li>\n<li>\n<h5>Cuentos<\/h5>\n<p>80%<\/li>\n<li>\n<h5>Mitos<\/h5>\n<p>60%<\/li>\n<li>\n<h5>Leyendas<\/h5>\n<p>35%<\/li>\n<\/ul>\n<\/section>\n<p><!-- .\/ skill-section --><\/p>\n<section>\n<h3>Nuestros colaboradores<\/h3>\n<p>Gente como nosotros que hacen de la experiencia un valor y de la dedicaci\u00f3n en saber m\u00e1s una virtud. Pero siempre con la curiosidad y las ganas de saber m\u00e1s. La inconformidad de la rebeld\u00eda de un esp\u00edritu siempre joven a pesar de los a\u00f1os vividos y los que quedan por vivir.<\/p>\n<p><a href=\"#\"><img decoding=\"async\" src=\"https:\/\/themedox.com\/posty\/wp-content\/uploads\/2024\/02\/team-1.jpg\" alt=\"team\" \/><\/a><\/p>\n<h3><a href=\"#\">David bin<\/a>Creative Director<\/h3>\n<ul>\n<li><\/li>\n<li><\/li>\n<li><\/li>\n<li><\/li>\n<\/ul>\n<p><a href=\"#\"><img decoding=\"async\" src=\"https:\/\/themedox.com\/posty\/wp-content\/uploads\/2024\/02\/team-2.jpg\" alt=\"team\" \/><\/a><\/p>\n<h3><a href=\"#\">Maria David<\/a>Manager &amp; QC<\/h3>\n<ul>\n<li><\/li>\n<li><\/li>\n<li><\/li>\n<li><\/li>\n<\/ul>\n<p><a href=\"#\"><img decoding=\"async\" src=\"https:\/\/themedox.com\/posty\/wp-content\/uploads\/2024\/02\/team-3.jpg\" alt=\"team\" \/><\/a><\/p>\n<h3><a href=\"#\">Bradley Cooper<\/a>Full Stack Developer<\/h3>\n<ul>\n<li><\/li>\n<li><\/li>\n<li><\/li>\n<li><\/li>\n<\/ul>\n<\/section>\n<p><!-- .\/ team-section --><\/p>\n<section>\n<h3>Get the best blog stories into your inbox!<\/h3>\n\n<div class=\"wpcf7 no-js\" id=\"wpcf7-f1337-o1\" lang=\"en-US\" dir=\"ltr\">\n<div class=\"screen-reader-response\"><p role=\"status\" aria-live=\"polite\" aria-atomic=\"true\"><\/p> <ul><\/ul><\/div>\n<form action=\"\/index.php\/wp-json\/wp\/v2\/pages\/1986#wpcf7-f1337-o1\" method=\"post\" class=\"wpcf7-form init\" aria-label=\"Contact form\" novalidate=\"novalidate\" data-status=\"init\">\n<div style=\"display: none;\">\n<input type=\"hidden\" name=\"_wpcf7\" value=\"1337\" \/>\n<input type=\"hidden\" name=\"_wpcf7_version\" value=\"5.9.8\" \/>\n<input type=\"hidden\" name=\"_wpcf7_locale\" value=\"en_US\" \/>\n<input type=\"hidden\" name=\"_wpcf7_unit_tag\" value=\"wpcf7-f1337-o1\" \/>\n<input type=\"hidden\" name=\"_wpcf7_container_post\" value=\"0\" \/>\n<input type=\"hidden\" name=\"_wpcf7_posted_data_hash\" value=\"\" \/>\n<\/div>\n<div class=\"subscribe-form\">\n\t<p><span class=\"wpcf7-form-control-wrap\" data-name=\"email-515\"><input size=\"40\" maxlength=\"400\" class=\"wpcf7-form-control wpcf7-email wpcf7-validates-as-required wpcf7-text wpcf7-validates-as-email form-control\" id=\"email\" aria-required=\"true\" aria-invalid=\"false\" placeholder=\"Enter Your Email\" value=\"\" type=\"email\" name=\"email-515\" \/><\/span><input class=\"wpcf7-form-control wpcf7-submit has-spinner default-btn\" id=\"submit\" type=\"submit\" value=\"Subscribe\" \/><i class=\"lab la-telegram-plane\"><\/i>\n\t<\/p>\n<\/div><p style=\"display: none !important;\" class=\"akismet-fields-container\" data-prefix=\"_wpcf7_ak_\"><label>&#916;<textarea name=\"_wpcf7_ak_hp_textarea\" cols=\"45\" rows=\"8\" maxlength=\"100\"><\/textarea><\/label><input type=\"hidden\" id=\"ak_js_1\" name=\"_wpcf7_ak_js\" value=\"131\"\/><script>document.getElementById( \"ak_js_1\" ).setAttribute( \"value\", ( new Date() ).getTime() );<\/script><\/p><div class=\"wpcf7-response-output\" aria-hidden=\"true\"><\/div>\n<\/form>\n<\/div>\n\n<p><img decoding=\"async\" src=\"https:\/\/themedox.com\/posty\/wp-content\/uploads\/2024\/02\/subscribe-img.png\" alt=\"img\" \/><\/p>\n<\/section>\n","protected":false},"excerpt":{"rendered":"<p>La historia tiene mucho que decirnos y nosotros te lo vamos a contar. Recuerdos, historias, cuentos, sue\u00f1os, la vida se escribe mientras se cuenta, se cuenta escribiendo la vida, se vive mientras escribes lo que vas a contar. La vida no es m\u00e1s que la urdimbre donde tejes tus sue\u00f1os y dejas tus recuerdos en [&hellip;]<\/p>\n","protected":false},"author":1,"featured_media":0,"parent":0,"menu_order":0,"comment_status":"closed","ping_status":"closed","template":"","meta":{"footnotes":""},"class_list":["post-1986","page","type-page","status-publish","hentry"],"yoast_head":"<!-- This site is optimized with the Yoast SEO plugin v23.6 - https:\/\/yoast.com\/wordpress\/plugins\/seo\/ -->\n<title>Acerca de nosotros - Manuel de historias<\/title>\n<meta name=\"robots\" content=\"index, follow, max-snippet:-1, max-image-preview:large, max-video-preview:-1\" \/>\n<link rel=\"canonical\" href=\"https:\/\/manueldehistorias.com\/index.php\/acerca-de-nosotros-2\/\" \/>\n<meta property=\"og:locale\" content=\"es_ES\" \/>\n<meta property=\"og:type\" content=\"article\" \/>\n<meta property=\"og:title\" content=\"Acerca de nosotros - Manuel de historias\" \/>\n<meta property=\"og:description\" content=\"La historia tiene mucho que decirnos y nosotros te lo vamos a contar. Recuerdos, historias, cuentos, sue\u00f1os, la vida se escribe mientras se cuenta, se cuenta escribiendo la vida, se vive mientras escribes lo que vas a contar. La vida no es m\u00e1s que la urdimbre donde tejes tus sue\u00f1os y dejas tus recuerdos en [&hellip;]\" \/>\n<meta property=\"og:url\" content=\"https:\/\/manueldehistorias.com\/index.php\/acerca-de-nosotros-2\/\" \/>\n<meta property=\"og:site_name\" content=\"Manuel de historias\" \/>\n<meta property=\"article:modified_time\" content=\"2024-11-12T18:13:07+00:00\" \/>\n<meta property=\"og:image\" content=\"https:\/\/manueldehistorias.com\/wp-content\/uploads\/2024\/11\/Alegoria_de_la_historia-e1730909207679.jpeg\" \/>\n<meta name=\"twitter:card\" content=\"summary_large_image\" \/>\n<meta name=\"twitter:label1\" content=\"Tiempo de lectura\" \/>\n\t<meta name=\"twitter:data1\" content=\"3 minutos\" \/>\n<script type=\"application\/ld+json\" class=\"yoast-schema-graph\">{\"@context\":\"https:\/\/schema.org\",\"@graph\":[{\"@type\":\"WebPage\",\"@id\":\"https:\/\/manueldehistorias.com\/index.php\/acerca-de-nosotros-2\/\",\"url\":\"https:\/\/manueldehistorias.com\/index.php\/acerca-de-nosotros-2\/\",\"name\":\"Acerca de nosotros - Manuel de historias\",\"isPartOf\":{\"@id\":\"https:\/\/manueldehistorias.com\/#website\"},\"primaryImageOfPage\":{\"@id\":\"https:\/\/manueldehistorias.com\/index.php\/acerca-de-nosotros-2\/#primaryimage\"},\"image\":{\"@id\":\"https:\/\/manueldehistorias.com\/index.php\/acerca-de-nosotros-2\/#primaryimage\"},\"thumbnailUrl\":\"https:\/\/manueldehistorias.com\/wp-content\/uploads\/2024\/11\/Alegoria_de_la_historia-e1730909207679.jpeg\",\"datePublished\":\"2024-11-11T16:18:51+00:00\",\"dateModified\":\"2024-11-12T18:13:07+00:00\",\"breadcrumb\":{\"@id\":\"https:\/\/manueldehistorias.com\/index.php\/acerca-de-nosotros-2\/#breadcrumb\"},\"inLanguage\":\"es\",\"potentialAction\":[{\"@type\":\"ReadAction\",\"target\":[\"https:\/\/manueldehistorias.com\/index.php\/acerca-de-nosotros-2\/\"]}]},{\"@type\":\"ImageObject\",\"inLanguage\":\"es\",\"@id\":\"https:\/\/manueldehistorias.com\/index.php\/acerca-de-nosotros-2\/#primaryimage\",\"url\":\"https:\/\/manueldehistorias.com\/wp-content\/uploads\/2024\/11\/Alegoria_de_la_historia-e1730909207679.jpeg\",\"contentUrl\":\"https:\/\/manueldehistorias.com\/wp-content\/uploads\/2024\/11\/Alegoria_de_la_historia-e1730909207679.jpeg\",\"width\":656,\"height\":368,\"caption\":\"Alegor\u00eda media\"},{\"@type\":\"BreadcrumbList\",\"@id\":\"https:\/\/manueldehistorias.com\/index.php\/acerca-de-nosotros-2\/#breadcrumb\",\"itemListElement\":[{\"@type\":\"ListItem\",\"position\":1,\"name\":\"Portada\",\"item\":\"https:\/\/manueldehistorias.com\/\"},{\"@type\":\"ListItem\",\"position\":2,\"name\":\"Acerca de nosotros\"}]},{\"@type\":\"WebSite\",\"@id\":\"https:\/\/manueldehistorias.com\/#website\",\"url\":\"https:\/\/manueldehistorias.com\/\",\"name\":\"Manuel de historias\",\"description\":\"manuel\",\"publisher\":{\"@id\":\"https:\/\/manueldehistorias.com\/#organization\"},\"potentialAction\":[{\"@type\":\"SearchAction\",\"target\":{\"@type\":\"EntryPoint\",\"urlTemplate\":\"https:\/\/manueldehistorias.com\/?s={search_term_string}\"},\"query-input\":{\"@type\":\"PropertyValueSpecification\",\"valueRequired\":true,\"valueName\":\"search_term_string\"}}],\"inLanguage\":\"es\"},{\"@type\":\"Organization\",\"@id\":\"https:\/\/manueldehistorias.com\/#organization\",\"name\":\"Manuel de historias\",\"url\":\"https:\/\/manueldehistorias.com\/\",\"logo\":{\"@type\":\"ImageObject\",\"inLanguage\":\"es\",\"@id\":\"https:\/\/manueldehistorias.com\/#\/schema\/logo\/image\/\",\"url\":\"https:\/\/manueldehistorias.com\/wp-content\/uploads\/2024\/10\/logo_without_text_and_tagline-e1729790875879.png\",\"contentUrl\":\"https:\/\/manueldehistorias.com\/wp-content\/uploads\/2024\/10\/logo_without_text_and_tagline-e1729790875879.png\",\"width\":320,\"height\":200,\"caption\":\"Manuel de historias\"},\"image\":{\"@id\":\"https:\/\/manueldehistorias.com\/#\/schema\/logo\/image\/\"}}]}<\/script>\n<!-- \/ Yoast SEO plugin. -->","yoast_head_json":{"title":"Acerca de nosotros - Manuel de historias","robots":{"index":"index","follow":"follow","max-snippet":"max-snippet:-1","max-image-preview":"max-image-preview:large","max-video-preview":"max-video-preview:-1"},"canonical":"https:\/\/manueldehistorias.com\/index.php\/acerca-de-nosotros-2\/","og_locale":"es_ES","og_type":"article","og_title":"Acerca de nosotros - Manuel de historias","og_description":"La historia tiene mucho que decirnos y nosotros te lo vamos a contar. Recuerdos, historias, cuentos, sue\u00f1os, la vida se escribe mientras se cuenta, se cuenta escribiendo la vida, se vive mientras escribes lo que vas a contar. La vida no es m\u00e1s que la urdimbre donde tejes tus sue\u00f1os y dejas tus recuerdos en [&hellip;]","og_url":"https:\/\/manueldehistorias.com\/index.php\/acerca-de-nosotros-2\/","og_site_name":"Manuel de historias","article_modified_time":"2024-11-12T18:13:07+00:00","og_image":[{"url":"https:\/\/manueldehistorias.com\/wp-content\/uploads\/2024\/11\/Alegoria_de_la_historia-e1730909207679.jpeg"}],"twitter_card":"summary_large_image","twitter_misc":{"Tiempo de lectura":"3 minutos"},"schema":{"@context":"https:\/\/schema.org","@graph":[{"@type":"WebPage","@id":"https:\/\/manueldehistorias.com\/index.php\/acerca-de-nosotros-2\/","url":"https:\/\/manueldehistorias.com\/index.php\/acerca-de-nosotros-2\/","name":"Acerca de nosotros - Manuel de historias","isPartOf":{"@id":"https:\/\/manueldehistorias.com\/#website"},"primaryImageOfPage":{"@id":"https:\/\/manueldehistorias.com\/index.php\/acerca-de-nosotros-2\/#primaryimage"},"image":{"@id":"https:\/\/manueldehistorias.com\/index.php\/acerca-de-nosotros-2\/#primaryimage"},"thumbnailUrl":"https:\/\/manueldehistorias.com\/wp-content\/uploads\/2024\/11\/Alegoria_de_la_historia-e1730909207679.jpeg","datePublished":"2024-11-11T16:18:51+00:00","dateModified":"2024-11-12T18:13:07+00:00","breadcrumb":{"@id":"https:\/\/manueldehistorias.com\/index.php\/acerca-de-nosotros-2\/#breadcrumb"},"inLanguage":"es","potentialAction":[{"@type":"ReadAction","target":["https:\/\/manueldehistorias.com\/index.php\/acerca-de-nosotros-2\/"]}]},{"@type":"ImageObject","inLanguage":"es","@id":"https:\/\/manueldehistorias.com\/index.php\/acerca-de-nosotros-2\/#primaryimage","url":"https:\/\/manueldehistorias.com\/wp-content\/uploads\/2024\/11\/Alegoria_de_la_historia-e1730909207679.jpeg","contentUrl":"https:\/\/manueldehistorias.com\/wp-content\/uploads\/2024\/11\/Alegoria_de_la_historia-e1730909207679.jpeg","width":656,"height":368,"caption":"Alegor\u00eda media"},{"@type":"BreadcrumbList","@id":"https:\/\/manueldehistorias.com\/index.php\/acerca-de-nosotros-2\/#breadcrumb","itemListElement":[{"@type":"ListItem","position":1,"name":"Portada","item":"https:\/\/manueldehistorias.com\/"},{"@type":"ListItem","position":2,"name":"Acerca de nosotros"}]},{"@type":"WebSite","@id":"https:\/\/manueldehistorias.com\/#website","url":"https:\/\/manueldehistorias.com\/","name":"Manuel de historias","description":"manuel","publisher":{"@id":"https:\/\/manueldehistorias.com\/#organization"},"potentialAction":[{"@type":"SearchAction","target":{"@type":"EntryPoint","urlTemplate":"https:\/\/manueldehistorias.com\/?s={search_term_string}"},"query-input":{"@type":"PropertyValueSpecification","valueRequired":true,"valueName":"search_term_string"}}],"inLanguage":"es"},{"@type":"Organization","@id":"https:\/\/manueldehistorias.com\/#organization","name":"Manuel de historias","url":"https:\/\/manueldehistorias.com\/","logo":{"@type":"ImageObject","inLanguage":"es","@id":"https:\/\/manueldehistorias.com\/#\/schema\/logo\/image\/","url":"https:\/\/manueldehistorias.com\/wp-content\/uploads\/2024\/10\/logo_without_text_and_tagline-e1729790875879.png","contentUrl":"https:\/\/manueldehistorias.com\/wp-content\/uploads\/2024\/10\/logo_without_text_and_tagline-e1729790875879.png","width":320,"height":200,"caption":"Manuel de historias"},"image":{"@id":"https:\/\/manueldehistorias.com\/#\/schema\/logo\/image\/"}}]}},"_links":{"self":[{"href":"https:\/\/manueldehistorias.com\/index.php\/wp-json\/wp\/v2\/pages\/1986","targetHints":{"allow":["GET"]}}],"collection":[{"href":"https:\/\/manueldehistorias.com\/index.php\/wp-json\/wp\/v2\/pages"}],"about":[{"href":"https:\/\/manueldehistorias.com\/index.php\/wp-json\/wp\/v2\/types\/page"}],"author":[{"embeddable":true,"href":"https:\/\/manueldehistorias.com\/index.php\/wp-json\/wp\/v2\/users\/1"}],"replies":[{"embeddable":true,"href":"https:\/\/manueldehistorias.com\/index.php\/wp-json\/wp\/v2\/comments?post=1986"}],"version-history":[{"count":21,"href":"https:\/\/manueldehistorias.com\/index.php\/wp-json\/wp\/v2\/pages\/1986\/revisions"}],"predecessor-version":[{"id":2027,"href":"https:\/\/manueldehistorias.com\/index.php\/wp-json\/wp\/v2\/pages\/1986\/revisions\/2027"}],"wp:attachment":[{"href":"https:\/\/manueldehistorias.com\/index.php\/wp-json\/wp\/v2\/media?parent=1986"}],"curies":[{"name":"wp","href":"https:\/\/api.w.org\/{rel}","templated":true}]}}