{"id":1718,"date":"2024-10-24T14:12:34","date_gmt":"2024-10-24T14:12:34","guid":{"rendered":"https:\/\/manueldehistorias.com\/?page_id=1718"},"modified":"2024-11-06T18:10:00","modified_gmt":"2024-11-06T18:10:00","slug":"contactanos","status":"publish","type":"page","link":"https:\/\/manueldehistorias.com\/index.php\/contactanos\/","title":{"rendered":"Contactanos"},"content":{"rendered":"\t\t<div data-elementor-type=\"wp-page\" data-elementor-id=\"1718\" class=\"elementor elementor-1718\">\n\t\t\t\t<div class=\"elementor-element elementor-element-6c9a8be e-flex e-con-boxed e-con e-parent\" data-id=\"6c9a8be\" data-element_type=\"container\">\n\t\t\t\t\t<div class=\"e-con-inner\">\n\t\t<div class=\"elementor-element elementor-element-d78400f e-con-full e-flex e-con e-child\" data-id=\"d78400f\" data-element_type=\"container\">\n\t\t\t\t<div class=\"elementor-element elementor-element-37c0f47 elementor-widget__width-initial elementor-widget elementor-widget-html\" data-id=\"37c0f47\" data-element_type=\"widget\" data-widget_type=\"html.default\">\n\t\t\t\t<div class=\"elementor-widget-container\">\n\t\t\t<div class=\"contact-left\">\r\n<div class=\"adress-wrap\">\r\n<div class=\"adress-box\">\r\n<h3 class=\"title\">Direcci\u00f3n postal<\/h3>\r\n<ul class=\"adress-list\">\r\n<li>\r\n<i class=\"las la-map-marker\"><\/i\r\n><span\r\n>Ateneo Dignidad. Calle de los Sanjoanistes 33,Barcelona, 08006\r\n<strong>Espa\u00f1a<\/strong><\/span\r\n>\r\n<\/li>\r\n<\/ul>\r\n<\/div>\r\n<div class=\"adress-box\">\r\n<h3 class=\"title\">Contactos<\/h3>\r\n<ul class=\"adress-list list-2\">\r\n<li>\r\n<i class=\"las la-mobile\"><\/i>Movil:\r\n<a href=\"tel:+123456789\">698 432 346<\/a>\r\n<\/li>\r\n<li>\r\n<i class=\"las la-tty\"><\/i>Tel:\r\n<a href=\"tel:+15412343010\">999 14 15 16<\/a>\r\n<\/li>\r\n<li>\r\n<i class=\"las la-envelope\"><\/i>Email:\r\n<a href=\"mailto:envato@gmail.com\">info@manueldehistorias.com<\/a>\r\n<\/li>\r\n<\/ul>\r\n<\/div>\r\n<\/div>\r\n<\/div>\t\t<\/div>\n\t\t\t\t<\/div>\n\t\t\t\t<div class=\"elementor-element elementor-element-e3b2586 elementor-widget__width-initial elementor-widget elementor-widget-shortcode\" data-id=\"e3b2586\" data-element_type=\"widget\" data-widget_type=\"shortcode.default\">\n\t\t\t\t<div class=\"elementor-widget-container\">\n\t\t\t\t\t<div class=\"elementor-shortcode\">M\u00e1ndanos tus datos y tu mensaje.\n\n\n<div class=\"wpcf7 no-js\" id=\"wpcf7-f6-o1\" lang=\"es-ES\" dir=\"ltr\">\n<div class=\"screen-reader-response\"><p role=\"status\" aria-live=\"polite\" aria-atomic=\"true\"><\/p> <ul><\/ul><\/div>\n<form action=\"\/index.php\/wp-json\/wp\/v2\/pages\/1718#wpcf7-f6-o1\" method=\"post\" class=\"wpcf7-form init\" aria-label=\"Formulario de contacto\" novalidate=\"novalidate\" data-status=\"init\">\n<div style=\"display: none;\">\n<input type=\"hidden\" name=\"_wpcf7\" value=\"6\" \/>\n<input type=\"hidden\" name=\"_wpcf7_version\" value=\"5.9.8\" \/>\n<input type=\"hidden\" name=\"_wpcf7_locale\" value=\"es_ES\" \/>\n<input type=\"hidden\" name=\"_wpcf7_unit_tag\" value=\"wpcf7-f6-o1\" \/>\n<input type=\"hidden\" name=\"_wpcf7_container_post\" value=\"0\" \/>\n<input type=\"hidden\" name=\"_wpcf7_posted_data_hash\" value=\"\" \/>\n<\/div>\n<p><label> Tu nombre<br \/>\n<span class=\"wpcf7-form-control-wrap\" data-name=\"your-name\"><input size=\"40\" maxlength=\"400\" class=\"wpcf7-form-control wpcf7-text wpcf7-validates-as-required\" autocomplete=\"name\" aria-required=\"true\" aria-invalid=\"false\" value=\"\" type=\"text\" name=\"your-name\" \/><\/span> <\/label>\n<\/p>\n<p><label> Tu correo electr\u00f3nico<br \/>\n<span class=\"wpcf7-form-control-wrap\" data-name=\"your-email\"><input size=\"40\" maxlength=\"400\" class=\"wpcf7-form-control wpcf7-email wpcf7-validates-as-required wpcf7-text wpcf7-validates-as-email\" autocomplete=\"email\" aria-required=\"true\" aria-invalid=\"false\" value=\"\" type=\"email\" name=\"your-email\" \/><\/span> <\/label>\n<\/p>\n<p><label> Asunto<br \/>\n<span class=\"wpcf7-form-control-wrap\" data-name=\"your-subject\"><input size=\"40\" maxlength=\"400\" class=\"wpcf7-form-control wpcf7-text wpcf7-validates-as-required\" aria-required=\"true\" aria-invalid=\"false\" value=\"\" type=\"text\" name=\"your-subject\" \/><\/span> <\/label>\n<\/p>\n<p><label> Tu mensaje (opcional)<br \/>\n<span class=\"wpcf7-form-control-wrap\" data-name=\"your-message\"><textarea cols=\"40\" rows=\"10\" maxlength=\"2000\" class=\"wpcf7-form-control wpcf7-textarea\" aria-invalid=\"false\" name=\"your-message\"><\/textarea><\/span> <\/label>\n<\/p>\n<p><input class=\"wpcf7-form-control wpcf7-submit has-spinner\" type=\"submit\" value=\"Enviar\" \/>\n<\/p><p style=\"display: none !important;\" class=\"akismet-fields-container\" data-prefix=\"_wpcf7_ak_\"><label>&#916;<textarea name=\"_wpcf7_ak_hp_textarea\" cols=\"45\" rows=\"8\" maxlength=\"100\"><\/textarea><\/label><input type=\"hidden\" id=\"ak_js_1\" name=\"_wpcf7_ak_js\" value=\"92\"\/><script>document.getElementById( \"ak_js_1\" ).setAttribute( \"value\", ( new Date() ).getTime() );<\/script><\/p><div class=\"wpcf7-response-output\" aria-hidden=\"true\"><\/div>\n<\/form>\n<\/div>\n<\/div>\n\t\t\t\t<\/div>\n\t\t\t\t<\/div>\n\t\t\t\t<\/div>\n\t\t<div class=\"elementor-element elementor-element-39b8330 e-con-full e-flex e-con e-child\" data-id=\"39b8330\" data-element_type=\"container\">\n\t\t\t\t<div class=\"elementor-element elementor-element-8887f45 elementor-widget elementor-widget-google_maps\" data-id=\"8887f45\" data-element_type=\"widget\" data-widget_type=\"google_maps.default\">\n\t\t\t\t<div class=\"elementor-widget-container\">\n\t\t\t\t\t<div class=\"elementor-custom-embed\">\n\t\t\t<iframe loading=\"lazy\"\n\t\t\t\t\tsrc=\"https:\/\/maps.google.com\/maps?q=Calle%20de%20los%20Sanjoanistes%2C%2033.&#038;t=m&#038;z=18&#038;output=embed&#038;iwloc=near\"\n\t\t\t\t\ttitle=\"Calle de los Sanjoanistes, 33.\"\n\t\t\t\t\taria-label=\"Calle de los Sanjoanistes, 33.\"\n\t\t\t><\/iframe>\n\t\t<\/div>\n\t\t\t\t<\/div>\n\t\t\t\t<\/div>\n\t\t\t\t<\/div>\n\t\t\t\t\t<\/div>\n\t\t\t\t<\/div>\n\t\t<div class=\"elementor-element elementor-element-7332a1d e-con-full e-flex e-con e-parent\" data-id=\"7332a1d\" data-element_type=\"container\">\n\t\t\t\t<div class=\"elementor-element elementor-element-1943325 elementor-widget elementor-widget-theme-newsletter-one\" data-id=\"1943325\" data-element_type=\"widget\" data-widget_type=\"theme-newsletter-one.default\">\n\t\t\t\t<div class=\"elementor-widget-container\">\n\t\t\t\r\n        <section class=\"subscribe-section bg-grey-2 theme-subscribe-style-one\">\r\n          <div class=\"container\">\r\n             <div class=\"row\">\r\n                <div class=\"col-lg-6\">\r\n                   <div class=\"subscribe-content\">\r\n                      <h3 class=\"title\">\u00a1Ponte al corriente de aquellas historias que m\u00e1s te interesan en tu bandeja de entrada!<\/h3>\r\n\r\n\r\n                      <p>\n<div class=\"wpcf7 no-js\" id=\"wpcf7-f1337-o2\" lang=\"en-US\" dir=\"ltr\">\n<div class=\"screen-reader-response\"><p role=\"status\" aria-live=\"polite\" aria-atomic=\"true\"><\/p> <ul><\/ul><\/div>\n<form action=\"\/index.php\/wp-json\/wp\/v2\/pages\/1718#wpcf7-f1337-o2\" method=\"post\" class=\"wpcf7-form init\" aria-label=\"Contact form\" novalidate=\"novalidate\" data-status=\"init\">\n<div style=\"display: none;\">\n<input type=\"hidden\" name=\"_wpcf7\" value=\"1337\" \/>\n<input type=\"hidden\" name=\"_wpcf7_version\" value=\"5.9.8\" \/>\n<input type=\"hidden\" name=\"_wpcf7_locale\" value=\"en_US\" \/>\n<input type=\"hidden\" name=\"_wpcf7_unit_tag\" value=\"wpcf7-f1337-o2\" \/>\n<input type=\"hidden\" name=\"_wpcf7_container_post\" value=\"0\" \/>\n<input type=\"hidden\" name=\"_wpcf7_posted_data_hash\" value=\"\" \/>\n<\/div>\n<div class=\"subscribe-form\">\n\t<p><span class=\"wpcf7-form-control-wrap\" data-name=\"email-515\"><input size=\"40\" maxlength=\"400\" class=\"wpcf7-form-control wpcf7-email wpcf7-validates-as-required wpcf7-text wpcf7-validates-as-email form-control\" id=\"email\" aria-required=\"true\" aria-invalid=\"false\" placeholder=\"Enter Your Email\" value=\"\" type=\"email\" name=\"email-515\" \/><\/span><input class=\"wpcf7-form-control wpcf7-submit has-spinner default-btn\" id=\"submit\" type=\"submit\" value=\"Subscribe\" \/><i class=\"lab la-telegram-plane\"><\/i>\n\t<\/p>\n<\/div><p style=\"display: none !important;\" class=\"akismet-fields-container\" data-prefix=\"_wpcf7_ak_\"><label>&#916;<textarea name=\"_wpcf7_ak_hp_textarea\" cols=\"45\" rows=\"8\" maxlength=\"100\"><\/textarea><\/label><input type=\"hidden\" id=\"ak_js_2\" name=\"_wpcf7_ak_js\" value=\"14\"\/><script>document.getElementById( \"ak_js_2\" ).setAttribute( \"value\", ( new Date() ).getTime() );<\/script><\/p><div class=\"wpcf7-response-output\" aria-hidden=\"true\"><\/div>\n<\/form>\n<\/div>\n<\/p>\r\n\r\n                   <\/div>\r\n                <\/div>\r\n                <div class=\"col-lg-6\">\r\n                   <div class=\"subscribe-thumb\">\r\n                      <div class=\"line\"><\/div>\r\n                      <img decoding=\"async\" src=\"https:\/\/themedox.com\/posty\/wp-content\/uploads\/2024\/02\/subscribe-img.png\" alt=\"img\">\r\n                   <\/div>\r\n                <\/div>\r\n             <\/div>\r\n          <\/div>\r\n      \t <\/section>\r\n       \t<!-- .\/ subscribe-section -->\r\n\r\n\r\n\r\n\r\n\r\n\t\t\t<\/div>\n\t\t\t\t<\/div>\n\t\t\t\t<\/div>\n\t\t\t\t<\/div>\n\t\t","protected":false},"excerpt":{"rendered":"<p>Direcci\u00f3n postal Ateneo Dignidad. Calle de los Sanjoanistes 33,Barcelona, 08006 Espa\u00f1a Contactos Movil: 698 432 346 Tel: 999 14 15 16 Email: info@manueldehistorias.com M\u00e1ndanos tus datos y tu mensaje. \u00a1Ponte al corriente de aquellas historias que m\u00e1s te interesan en tu bandeja de entrada!<\/p>\n","protected":false},"author":1,"featured_media":1784,"parent":0,"menu_order":0,"comment_status":"closed","ping_status":"closed","template":"","meta":{"footnotes":""},"class_list":["post-1718","page","type-page","status-publish","has-post-thumbnail","hentry"],"yoast_head":"<!-- This site is optimized with the Yoast SEO plugin v23.6 - https:\/\/yoast.com\/wordpress\/plugins\/seo\/ -->\n<title>Contactanos - Manuel de historias<\/title>\n<meta name=\"description\" content=\"Aqu\u00ed nos puedes encontrar y puedes ponerte en contacto con nosotros para saber m\u00e1s de lo que hacemos y que te puede interesar para compartir\" \/>\n<meta name=\"robots\" content=\"index, follow, max-snippet:-1, max-image-preview:large, max-video-preview:-1\" \/>\n<link rel=\"canonical\" href=\"https:\/\/manueldehistorias.com\/index.php\/contactanos\/\" \/>\n<meta property=\"og:locale\" content=\"es_ES\" \/>\n<meta property=\"og:type\" content=\"article\" \/>\n<meta property=\"og:title\" content=\"Contactanos - Manuel de historias\" \/>\n<meta property=\"og:description\" content=\"Aqu\u00ed nos puedes encontrar y puedes ponerte en contacto con nosotros para saber m\u00e1s de lo que hacemos y que te puede interesar para compartir\" \/>\n<meta property=\"og:url\" content=\"https:\/\/manueldehistorias.com\/index.php\/contactanos\/\" \/>\n<meta property=\"og:site_name\" content=\"Manuel de historias\" \/>\n<meta property=\"article:modified_time\" content=\"2024-11-06T18:10:00+00:00\" \/>\n<meta property=\"og:image\" content=\"https:\/\/manueldehistorias.com\/wp-content\/uploads\/2024\/10\/Via_romana-e1730302010388.jpg\" \/>\n\t<meta property=\"og:image:width\" content=\"800\" \/>\n\t<meta property=\"og:image:height\" content=\"450\" \/>\n\t<meta property=\"og:image:type\" content=\"image\/jpeg\" \/>\n<meta name=\"twitter:card\" content=\"summary_large_image\" \/>\n<meta name=\"twitter:label1\" content=\"Tiempo de lectura\" \/>\n\t<meta name=\"twitter:data1\" content=\"1 minuto\" \/>\n<script type=\"application\/ld+json\" class=\"yoast-schema-graph\">{\"@context\":\"https:\/\/schema.org\",\"@graph\":[{\"@type\":\"WebPage\",\"@id\":\"https:\/\/manueldehistorias.com\/index.php\/contactanos\/\",\"url\":\"https:\/\/manueldehistorias.com\/index.php\/contactanos\/\",\"name\":\"Contactanos - Manuel de historias\",\"isPartOf\":{\"@id\":\"https:\/\/manueldehistorias.com\/#website\"},\"primaryImageOfPage\":{\"@id\":\"https:\/\/manueldehistorias.com\/index.php\/contactanos\/#primaryimage\"},\"image\":{\"@id\":\"https:\/\/manueldehistorias.com\/index.php\/contactanos\/#primaryimage\"},\"thumbnailUrl\":\"https:\/\/manueldehistorias.com\/wp-content\/uploads\/2024\/10\/Via_romana-e1730302010388.jpg\",\"datePublished\":\"2024-10-24T14:12:34+00:00\",\"dateModified\":\"2024-11-06T18:10:00+00:00\",\"description\":\"Aqu\u00ed nos puedes encontrar y puedes ponerte en contacto con nosotros para saber m\u00e1s de lo que hacemos y que te puede interesar para compartir\",\"breadcrumb\":{\"@id\":\"https:\/\/manueldehistorias.com\/index.php\/contactanos\/#breadcrumb\"},\"inLanguage\":\"es\",\"potentialAction\":[{\"@type\":\"ReadAction\",\"target\":[\"https:\/\/manueldehistorias.com\/index.php\/contactanos\/\"]}]},{\"@type\":\"ImageObject\",\"inLanguage\":\"es\",\"@id\":\"https:\/\/manueldehistorias.com\/index.php\/contactanos\/#primaryimage\",\"url\":\"https:\/\/manueldehistorias.com\/wp-content\/uploads\/2024\/10\/Via_romana-e1730302010388.jpg\",\"contentUrl\":\"https:\/\/manueldehistorias.com\/wp-content\/uploads\/2024\/10\/Via_romana-e1730302010388.jpg\",\"width\":800,\"height\":450},{\"@type\":\"BreadcrumbList\",\"@id\":\"https:\/\/manueldehistorias.com\/index.php\/contactanos\/#breadcrumb\",\"itemListElement\":[{\"@type\":\"ListItem\",\"position\":1,\"name\":\"Portada\",\"item\":\"https:\/\/manueldehistorias.com\/\"},{\"@type\":\"ListItem\",\"position\":2,\"name\":\"Contactanos\"}]},{\"@type\":\"WebSite\",\"@id\":\"https:\/\/manueldehistorias.com\/#website\",\"url\":\"https:\/\/manueldehistorias.com\/\",\"name\":\"Manuel de historias\",\"description\":\"manuel\",\"publisher\":{\"@id\":\"https:\/\/manueldehistorias.com\/#organization\"},\"potentialAction\":[{\"@type\":\"SearchAction\",\"target\":{\"@type\":\"EntryPoint\",\"urlTemplate\":\"https:\/\/manueldehistorias.com\/?s={search_term_string}\"},\"query-input\":{\"@type\":\"PropertyValueSpecification\",\"valueRequired\":true,\"valueName\":\"search_term_string\"}}],\"inLanguage\":\"es\"},{\"@type\":\"Organization\",\"@id\":\"https:\/\/manueldehistorias.com\/#organization\",\"name\":\"Manuel de historias\",\"url\":\"https:\/\/manueldehistorias.com\/\",\"logo\":{\"@type\":\"ImageObject\",\"inLanguage\":\"es\",\"@id\":\"https:\/\/manueldehistorias.com\/#\/schema\/logo\/image\/\",\"url\":\"https:\/\/manueldehistorias.com\/wp-content\/uploads\/2024\/10\/logo_without_text_and_tagline-e1729790875879.png\",\"contentUrl\":\"https:\/\/manueldehistorias.com\/wp-content\/uploads\/2024\/10\/logo_without_text_and_tagline-e1729790875879.png\",\"width\":320,\"height\":200,\"caption\":\"Manuel de historias\"},\"image\":{\"@id\":\"https:\/\/manueldehistorias.com\/#\/schema\/logo\/image\/\"}}]}<\/script>\n<!-- \/ Yoast SEO plugin. -->","yoast_head_json":{"title":"Contactanos - Manuel de historias","description":"Aqu\u00ed nos puedes encontrar y puedes ponerte en contacto con nosotros para saber m\u00e1s de lo que hacemos y que te puede interesar para compartir","robots":{"index":"index","follow":"follow","max-snippet":"max-snippet:-1","max-image-preview":"max-image-preview:large","max-video-preview":"max-video-preview:-1"},"canonical":"https:\/\/manueldehistorias.com\/index.php\/contactanos\/","og_locale":"es_ES","og_type":"article","og_title":"Contactanos - Manuel de historias","og_description":"Aqu\u00ed nos puedes encontrar y puedes ponerte en contacto con nosotros para saber m\u00e1s de lo que hacemos y que te puede interesar para compartir","og_url":"https:\/\/manueldehistorias.com\/index.php\/contactanos\/","og_site_name":"Manuel de historias","article_modified_time":"2024-11-06T18:10:00+00:00","og_image":[{"width":800,"height":450,"url":"https:\/\/manueldehistorias.com\/wp-content\/uploads\/2024\/10\/Via_romana-e1730302010388.jpg","type":"image\/jpeg"}],"twitter_card":"summary_large_image","twitter_misc":{"Tiempo de lectura":"1 minuto"},"schema":{"@context":"https:\/\/schema.org","@graph":[{"@type":"WebPage","@id":"https:\/\/manueldehistorias.com\/index.php\/contactanos\/","url":"https:\/\/manueldehistorias.com\/index.php\/contactanos\/","name":"Contactanos - Manuel de historias","isPartOf":{"@id":"https:\/\/manueldehistorias.com\/#website"},"primaryImageOfPage":{"@id":"https:\/\/manueldehistorias.com\/index.php\/contactanos\/#primaryimage"},"image":{"@id":"https:\/\/manueldehistorias.com\/index.php\/contactanos\/#primaryimage"},"thumbnailUrl":"https:\/\/manueldehistorias.com\/wp-content\/uploads\/2024\/10\/Via_romana-e1730302010388.jpg","datePublished":"2024-10-24T14:12:34+00:00","dateModified":"2024-11-06T18:10:00+00:00","description":"Aqu\u00ed nos puedes encontrar y puedes ponerte en contacto con nosotros para saber m\u00e1s de lo que hacemos y que te puede interesar para compartir","breadcrumb":{"@id":"https:\/\/manueldehistorias.com\/index.php\/contactanos\/#breadcrumb"},"inLanguage":"es","potentialAction":[{"@type":"ReadAction","target":["https:\/\/manueldehistorias.com\/index.php\/contactanos\/"]}]},{"@type":"ImageObject","inLanguage":"es","@id":"https:\/\/manueldehistorias.com\/index.php\/contactanos\/#primaryimage","url":"https:\/\/manueldehistorias.com\/wp-content\/uploads\/2024\/10\/Via_romana-e1730302010388.jpg","contentUrl":"https:\/\/manueldehistorias.com\/wp-content\/uploads\/2024\/10\/Via_romana-e1730302010388.jpg","width":800,"height":450},{"@type":"BreadcrumbList","@id":"https:\/\/manueldehistorias.com\/index.php\/contactanos\/#breadcrumb","itemListElement":[{"@type":"ListItem","position":1,"name":"Portada","item":"https:\/\/manueldehistorias.com\/"},{"@type":"ListItem","position":2,"name":"Contactanos"}]},{"@type":"WebSite","@id":"https:\/\/manueldehistorias.com\/#website","url":"https:\/\/manueldehistorias.com\/","name":"Manuel de historias","description":"manuel","publisher":{"@id":"https:\/\/manueldehistorias.com\/#organization"},"potentialAction":[{"@type":"SearchAction","target":{"@type":"EntryPoint","urlTemplate":"https:\/\/manueldehistorias.com\/?s={search_term_string}"},"query-input":{"@type":"PropertyValueSpecification","valueRequired":true,"valueName":"search_term_string"}}],"inLanguage":"es"},{"@type":"Organization","@id":"https:\/\/manueldehistorias.com\/#organization","name":"Manuel de historias","url":"https:\/\/manueldehistorias.com\/","logo":{"@type":"ImageObject","inLanguage":"es","@id":"https:\/\/manueldehistorias.com\/#\/schema\/logo\/image\/","url":"https:\/\/manueldehistorias.com\/wp-content\/uploads\/2024\/10\/logo_without_text_and_tagline-e1729790875879.png","contentUrl":"https:\/\/manueldehistorias.com\/wp-content\/uploads\/2024\/10\/logo_without_text_and_tagline-e1729790875879.png","width":320,"height":200,"caption":"Manuel de historias"},"image":{"@id":"https:\/\/manueldehistorias.com\/#\/schema\/logo\/image\/"}}]}},"_links":{"self":[{"href":"https:\/\/manueldehistorias.com\/index.php\/wp-json\/wp\/v2\/pages\/1718","targetHints":{"allow":["GET"]}}],"collection":[{"href":"https:\/\/manueldehistorias.com\/index.php\/wp-json\/wp\/v2\/pages"}],"about":[{"href":"https:\/\/manueldehistorias.com\/index.php\/wp-json\/wp\/v2\/types\/page"}],"author":[{"embeddable":true,"href":"https:\/\/manueldehistorias.com\/index.php\/wp-json\/wp\/v2\/users\/1"}],"replies":[{"embeddable":true,"href":"https:\/\/manueldehistorias.com\/index.php\/wp-json\/wp\/v2\/comments?post=1718"}],"version-history":[{"count":18,"href":"https:\/\/manueldehistorias.com\/index.php\/wp-json\/wp\/v2\/pages\/1718\/revisions"}],"predecessor-version":[{"id":1915,"href":"https:\/\/manueldehistorias.com\/index.php\/wp-json\/wp\/v2\/pages\/1718\/revisions\/1915"}],"wp:featuredmedia":[{"embeddable":true,"href":"https:\/\/manueldehistorias.com\/index.php\/wp-json\/wp\/v2\/media\/1784"}],"wp:attachment":[{"href":"https:\/\/manueldehistorias.com\/index.php\/wp-json\/wp\/v2\/media?parent=1718"}],"curies":[{"name":"wp","href":"https:\/\/api.w.org\/{rel}","templated":true}]}}